{"id":71237,"date":"2024-06-22T16:18:55","date_gmt":"2024-06-22T14:18:55","guid":{"rendered":"https:\/\/photobooth2savoies.fr\/photobooth2savoies\/?page_id=71237"},"modified":"2024-06-26T12:37:56","modified_gmt":"2024-06-26T10:37:56","slug":"mentions-legales","status":"publish","type":"page","link":"https:\/\/photobooth2savoies.fr\/photobooth2savoies\/mentions-legales\/","title":{"rendered":"Mentions l\u00e9gales"},"content":{"rendered":"\n[et_pb_section fb_built=\u00a0\u00bb1&Prime; theme_builder_area=\u00a0\u00bbpost_content\u00a0\u00bb _builder_version=\u00a0\u00bb4.25.2&Prime; _module_preset=\u00a0\u00bbdefault\u00a0\u00bb][et_pb_row _builder_version=\u00a0\u00bb4.25.2&Prime; _module_preset=\u00a0\u00bbdefault\u00a0\u00bb theme_builder_area=\u00a0\u00bbpost_content\u00a0\u00bb][et_pb_column _builder_version=\u00a0\u00bb4.25.2&Prime; _module_preset=\u00a0\u00bbdefault\u00a0\u00bb type=\u00a0\u00bb4_4&Prime; theme_builder_area=\u00a0\u00bbpost_content\u00a0\u00bb][et_pb_text _builder_version=\u00a0\u00bb4.25.2&Prime; _module_preset=\u00a0\u00bbdefault\u00a0\u00bb theme_builder_area=\u00a0\u00bbpost_content\u00a0\u00bb hover_enabled=\u00a0\u00bb0&Prime; sticky_enabled=\u00a0\u00bb0&Prime;]<h4>Pr\u00e9sentation du site<\/h4>\n<p>En vertu de l\u2019article 6 de la loi n\u00b0 2004-575 du 21 juin 2004 pour la confiance dans l\u2019\u00e9conomie num\u00e9rique, il est pr\u00e9cis\u00e9 aux utilisateurs du site<span> www.photobooth2savoies.fr<\/span><a href=\"https:\/\/photobooth2savoies.fr\/\"><span>\u00a0<\/span><\/a>l\u2019identit\u00e9 des diff\u00e9rents intervenants dans le cadre de sa r\u00e9alisation et de son suivi :<\/p>\n<p>Propri\u00e9taire : Yannick PANHELLEUX<\/p>\n<p>Repr\u00e9sentant l\u00e9gal : Monsieur Yannick PANHELLEUX<br \/>73400 MARTHOD,<br \/>num\u00e9ro SIRET : 82456969300016<\/p>\n<p>T\u00e9l : 06-01-83-05-66<\/p>\n<p>Le pr\u00e9sent site est \u00e9dit\u00e9 par : Osiris. EI ayant pour num\u00e9ro de SIRET 983602137 et qui est domicili\u00e9e au 329 route d\u2019Annecy, 74150 Hauteville-sur-Fier.<\/p>\n<p>Responsable de la publication :\u00a0<span>Monsieur Yannick PANHELLEUX<\/span><\/p>\n<p>Webmaster du site: Osiris, joignable par t\u00e9l\u00e9phone au 06 52 80 28 01<\/p>\n<p>H\u00e9bergeur du site: OVH, qui est domicili\u00e9\u00a02, rue Kellermann, 59100 Roubaix.<\/p>\n<h4><\/h4>\n<h4>Propri\u00e9t\u00e9 intellectuelle et contrefa\u00e7ons<\/h4>\n<p>&nbsp;<\/p>\n<p>L\u2019entreprise Photobooth Location est propri\u00e9taire des droits de propri\u00e9t\u00e9 intellectuelle ou d\u00e9tient les droits d\u2019usage sur tous les \u00e9l\u00e9ments accessibles sur le site, notamment : les textes, les images, les graphismes, le logo, les ic\u00f4nes,\u2026<\/p>\n<p>Toute reproduction, repr\u00e9sentation, modification, publication, adaptation de tout ou partie des \u00e9l\u00e9ments du site, quel que soit le moyen ou le proc\u00e9d\u00e9 utilis\u00e9, est interdite, sauf autorisation \u00e9crite pr\u00e9alable de l\u2019entreprise Photobooth Location.<\/p>\n<p>Toute exploitation non autoris\u00e9e du site ou d\u2019un quelconque \u00e9l\u00e9ment qu\u2019il contient sera consid\u00e9r\u00e9e comme constitutive d\u2019une contrefa\u00e7on et poursuivie conform\u00e9ment aux dispositions des articles L.335-2 et suivants du Code de Propri\u00e9t\u00e9 Intellectuelle.<\/p>\n<h3>Cookies et traceurs<\/h3>\n<p class=\"nitro-offscreen\">\n<p class=\"nitro-offscreen\">Le site internet<span> www.photobooth2savoies.fr<\/span>\u00a0poss\u00e8de un syst\u00e8me de mesure d\u2019audience.<\/p>\n<p class=\"nitro-offscreen\">En application de la directive europ\u00e9enne dite \u00ab paquet t\u00e9l\u00e9com \u00bb, les internautes doivent \u00eatre inform\u00e9s et donner leur consentement pr\u00e9alablement \u00e0 l\u2019insertion de traceurs (plus couramment appel\u00e9s \u00ab cookies \u00bb). Les internautes doivent disposer d\u2019une possibilit\u00e9 de choisir de ne pas \u00eatre trac\u00e9s lorsqu\u2019ils visitent un site ou utilisent une application. Les \u00e9diteurs de sites internet ont donc l\u2019obligation de solliciter au pr\u00e9alable le consentement des utilisateurs.<\/p>\n<p class=\"nitro-offscreen\">Le refus d\u2019installation d\u2019un cookie peut entra\u00eener l\u2019impossibilit\u00e9 d\u2019acc\u00e9der \u00e0 certains services. L\u2019internaute peut toutefois configurer son navigateur internet pour refuser l\u2019installation des cookies.<\/p>\n<h5 class=\"nitro-offscreen\"><\/h5>\n<h5 class=\"nitro-offscreen\">Mesure d\u2019audience<\/h5>\n<p class=\"nitro-offscreen\">Les cookies de mesure d\u2019audience sont de petits fichiers qui permettent de conna\u00eetre et d\u2019analyser les statistiques de trafic sur le site internet : les pages visit\u00e9es, le nombre de visites, le taux de rebond, la provenance des visites,\u2026 Les cookies de mesure d\u2019audience sont totalement anonymes.<\/p>\n<p class=\"nitro-offscreen\">Sur ce site, c\u2019est la solution Google Analytics qui est utilis\u00e9e pour mesurer l\u2019audience.<\/p>\n<p class=\"nitro-offscreen\">\n<h4 class=\"nitro-offscreen\">Formulaire de contact et commentaires<\/h4>\n<p class=\"nitro-offscreen\">Vous pouvez \u00eatre amen\u00e9 \u00e0 nous indiquer votre adresse e-mail lorsque vous remplissez notre formulaire de contact ou d\u00e9posez un commentaire sur l\u2019un des articles du site site <span>www.photobooth2savoies.fr<\/span><\/p>\n<p class=\"nitro-offscreen\">En aucun cas, votre adresse e-mail ne sera c\u00e9d\u00e9e \u00e0 des tiers.<\/p>\n<p class=\"nitro-offscreen\">\n<h4 class=\"nitro-offscreen\">Liens hypertextes<\/h4>\n<p class=\"nitro-offscreen\">Ce site internet contient un certain nombre de liens hypertextes vers d\u2019autres sites. Cependant,<span> www.photobooth2savoies.fr<\/span><span>\u00a0<\/span>n\u2019a pas la possibilit\u00e9 de suivre et v\u00e9rifier le contenu de ces sites, et n\u2019assumera en cons\u00e9quence aucune responsabilit\u00e9 de ce fait.<\/p>\n<h4 class=\"nitro-offscreen\">Flux RSS<\/h4>\n<p class=\"nitro-offscreen\">Les flux RSS sont exclusivement destin\u00e9s aux visiteurs du site pour une utilisation personnelle et ne sauraient en aucun cas servir \u00e0 alimenter d\u2019autres sites, sauf autorisation \u00e9crite pr\u00e9alable de<span> www.photobooth2savoies.fr.<\/span><\/p>[\/et_pb_text][\/et_pb_column][\/et_pb_row][\/et_pb_section]\n","protected":false},"excerpt":{"rendered":"<p>Pr\u00e9sentation du site En vertu de l\u2019article 6 de la loi n\u00b0 2004-575 du 21 juin 2004 pour la confiance dans l\u2019\u00e9conomie num\u00e9rique, il est pr\u00e9cis\u00e9 aux utilisateurs du site www.photobooth2savoies.fr\u00a0l\u2019identit\u00e9 des diff\u00e9rents intervenants dans le cadre de sa r\u00e9alisation et de son suivi : Propri\u00e9taire : Yannick PANHELLEUX Repr\u00e9sentant l\u00e9gal : Monsieur Yannick PANHELLEUX73400 [&hellip;]<\/p>\n","protected":false},"author":2,"featured_media":0,"parent":0,"menu_order":0,"comment_status":"closed","ping_status":"closed","template":"page-template-blank.php","meta":{"_et_pb_use_builder":"on","_et_pb_old_content":"","_et_gb_content_width":"","slim_seo":{"noindex":"1","title":"Mentions l\u00e9gales - Photobooth","description":"Pr\u00e9sentation du site En vertu de l\u2019article 6 de la loi n\u00b0 2004-575 du 21 juin 2004 pour la confiance dans l\u2019\u00e9conomie num\u00e9rique, il est pr\u00e9cis\u00e9 aux utilisateurs"},"footnotes":""},"class_list":["post-71237","page","type-page","status-publish","hentry"],"_links":{"self":[{"href":"https:\/\/photobooth2savoies.fr\/photobooth2savoies\/wp-json\/wp\/v2\/pages\/71237","targetHints":{"allow":["GET"]}}],"collection":[{"href":"https:\/\/photobooth2savoies.fr\/photobooth2savoies\/wp-json\/wp\/v2\/pages"}],"about":[{"href":"https:\/\/photobooth2savoies.fr\/photobooth2savoies\/wp-json\/wp\/v2\/types\/page"}],"author":[{"embeddable":true,"href":"https:\/\/photobooth2savoies.fr\/photobooth2savoies\/wp-json\/wp\/v2\/users\/2"}],"replies":[{"embeddable":true,"href":"https:\/\/photobooth2savoies.fr\/photobooth2savoies\/wp-json\/wp\/v2\/comments?post=71237"}],"version-history":[{"count":4,"href":"https:\/\/photobooth2savoies.fr\/photobooth2savoies\/wp-json\/wp\/v2\/pages\/71237\/revisions"}],"predecessor-version":[{"id":71273,"href":"https:\/\/photobooth2savoies.fr\/photobooth2savoies\/wp-json\/wp\/v2\/pages\/71237\/revisions\/71273"}],"wp:attachment":[{"href":"https:\/\/photobooth2savoies.fr\/photobooth2savoies\/wp-json\/wp\/v2\/media?parent=71237"}],"curies":[{"name":"wp","href":"https:\/\/api.w.org\/{rel}","templated":true}]}}